{"id":61672,"date":"2014-04-23T16:14:38","date_gmt":"2014-04-23T16:14:38","guid":{"rendered":"https:\/\/liner25-test2.bkp-berolina.de\/kontakt\/"},"modified":"2021-03-25T10:01:16","modified_gmt":"2021-03-25T10:01:16","slug":"contacto","status":"publish","type":"page","link":"https:\/\/liner25-test2.bkp-berolina.de\/es\/contacto\/","title":{"rendered":"Contacto"},"content":{"rendered":"<p>[vc_row equal_height=\u00bbyes\u00bb content_placement=\u00bbmiddle\u00bb bg_type=\u00bbimage\u00bb parallax_style=\u00bbvcpb-vz-jquery\u00bb bg_image_new=\u00bbid^56948|url^https:\/\/liner25-test2.bkp-berolina.de\/wp-content\/uploads\/2019\/02\/Standort-Velten.jpg|caption^null|alt^null|title^Standort Velten|description^null\u00bb bg_image_repeat=\u00bbno-repeat\u00bb bg_override=\u00bbex-full\u00bb enable_overlay=\u00bbenable_overlay_value\u00bb overlay_color=\u00bbrgba(7,59,76,0.9)\u00bb overlay_pattern=\u00bbtransperant\u00bb css=\u00bb.vc_custom_1552900399272{margin-top: 30px !important;padding-top: 80px !important;padding-bottom: 80px !important;}\u00bb][vc_column][vc_row_inner css=\u00bb.vc_custom_1553179988109{margin-top: 30px !important;}\u00bb][vc_column_inner][ultimate_heading main_heading=\u00bbContacto\u00bb heading_tag=\u00bbh1&#8243; main_heading_color=\u00bb#ffffff\u00bb spacer=\u00bbline_with_icon\u00bb spacer_position=\u00bbbottom\u00bb line_height=\u00bb3&#8243; line_color=\u00bb#0099a1&#8243; icon_type=\u00bbcustom\u00bb icon_img=\u00bbid^56219|url^https:\/\/liner25-test2.bkp-berolina.de\/wp-content\/uploads\/2019\/01\/Logo-Liner.png|caption^null|alt^null|title^Logo Liner|description^null\u00bb img_width=\u00bb30&#8243; main_heading_style=\u00bbfont-weight:bold;\u00bb main_heading_font_size=\u00bbdesktop:54px;mobile_landscape:34px;\u00bb main_heading_line_height=\u00bbdesktop:64px;mobile_landscape:44px;\u00bb line_width=\u00bb120&#8243; spacer_margin=\u00bbmargin-bottom:30px;\u00bb][\/ultimate_heading][\/vc_column_inner][\/vc_row_inner][vc_row_inner equal_height=\u00bbyes\u00bb gap=\u00bb20&#8243; css=\u00bb.vc_custom_1551267383636{padding-right: 25px !important;padding-left: 25px !important;}\u00bb][vc_column_inner width=\u00bb1\/3&#8243; css=\u00bb.vc_custom_1546956970677{border-top-width: 3px !important;border-right-width: 3px !important;border-bottom-width: 3px !important;border-left-width: 3px !important;padding-top: 30px !important;padding-right: 30px !important;padding-bottom: 30px !important;padding-left: 30px !important;border-left-color: #0099a1 !important;border-left-style: solid !important;border-right-color: #0099a1 !important;border-right-style: solid !important;border-top-color: #0099a1 !important;border-top-style: solid !important;border-bottom-color: #0099a1 !important;border-bottom-style: solid !important;}\u00bb][vc_single_image image=\u00bb60031&#8243; alignment=\u00bbcenter\u00bb style=\u00bbvc_box_shadow_border_circle_2&#8243; onclick=\u00bbcustom_link\u00bb css_animation=\u00bbfadeInDown\u00bb link=\u00bbhttps:\/\/liner25-test2.bkp-berolina.de\/es\/contacto\/persona-de-contacto\/\u00bb][bsf-info-box icon=\u00bbnone\u00bb icon_size=\u00bb30&#8243; icon_style=\u00bbadvanced\u00bb icon_color_bg=\u00bb\u00bb icon_border_style=\u00bbsolid\u00bb icon_border_size=\u00bb3&#8243; icon_border_radius=\u00bb0&#8243; icon_border_spacing=\u00bb60&#8243; title=\u00bbTodos los contactos\u00bb read_more=\u00bbtitle\u00bb link=\u00bburl:https%3A%2F%2Fliner25-test2.bkp-berolina.de%2Fes%2Fcontacto%2Fpersona-de-contacto%2F|title:Ansprechpartner||\u00bb pos=\u00bbtop\u00bb el_class=\u00bbaccent-icon-color accent-border-color\u00bb title_font_style=\u00bbfont-weight:bold;\u00bb title_font_size=\u00bbdesktop:26px;tablet:20px;mobile:24px;\u00bb title_font_line_height=\u00bbdesktop:36px;tablet:30px;mobile:34px;\u00bb css_info_box=\u00bb.vc_custom_1578397306428{margin-bottom: 27px !important;}\u00bb desc_font_color=\u00bb#ffffff\u00bb title_font_color=\u00bb#ffffff\u00bb]Aqu\u00ed encontrar\u00e1 a la persona de contacto adecuada en BKP para ayudarlo individualmente.<\/p>\n<p><a href=\"https:\/\/liner25-test2.bkp-berolina.de\/es\/contacto\/persona-de-contacto\/\">M\u00e1s informaci\u00f3n<\/a>[\/bsf-info-box]<div class=\"hr-thin style-line accent-border-color\" style=\"width: 60px;border-top-width: 3px;\"><\/div>[\/vc_column_inner][vc_column_inner width=\u00bb1\/3&#8243; css=\u00bb.vc_custom_1546961383334{padding-top: 30px !important;padding-right: 30px !important;padding-bottom: 30px !important;padding-left: 30px !important;background-color: #ffffff !important;}\u00bb][vc_single_image image=\u00bb58147&#8243; alignment=\u00bbcenter\u00bb style=\u00bbvc_box_shadow_border_circle_2&#8243; onclick=\u00bbcustom_link\u00bb css_animation=\u00bbfadeInDown\u00bb link=\u00bbhttps:\/\/liner25-test2.bkp-berolina.de\/es\/contacto\/formulario-de-contacto-e-informacion\/\u00bb][bsf-info-box icon=\u00bbnone\u00bb icon_size=\u00bb30&#8243; icon_style=\u00bbadvanced\u00bb icon_color_bg=\u00bb\u00bb icon_border_style=\u00bbsolid\u00bb icon_color_border=\u00bb\u00bb icon_border_size=\u00bb3&#8243; icon_border_radius=\u00bb0&#8243; icon_border_spacing=\u00bb60&#8243; title=\u00bbFormulario de contacto e informaci\u00f3n\u00bb read_more=\u00bbtitle\u00bb link=\u00bburl:https%3A%2F%2Fliner25-test2.bkp-berolina.de%2Fes%2Fcontacto%2Fformulario-de-contacto-e-informacion%2F|title:Kontaktformular%20%26%20-informationen||\u00bb pos=\u00bbtop\u00bb el_class=\u00bbaccent-icon-color accent-border-color\u00bb title_font_style=\u00bbfont-weight:bold;\u00bb title_font_size=\u00bbdesktop:26px;tablet:20px;mobile:24px;\u00bb title_font_line_height=\u00bbdesktop:36px;tablet:30px;mobile:34px;\u00bb css_info_box=\u00bb.vc_custom_1578397420282{margin-bottom: 27px !important;}\u00bb]Puede utilizar nuestro formulario de contacto para formular preguntas o consultas y ver la informaci\u00f3n de contacto m\u00e1s importante.<\/p>\n<p><a href=\"https:\/\/liner25-test2.bkp-berolina.de\/es\/contacto\/formulario-de-contacto-e-informacion\/\">M\u00e1s informaci\u00f3n<\/a>[\/bsf-info-box]<div class=\"hr-thin style-line accent-border-color\" style=\"width: 60px;border-top-width: 3px;\"><\/div>[\/vc_column_inner][vc_column_inner width=\u00bb1\/3&#8243; css=\u00bb.vc_custom_1546960030766{border-top-width: 3px !important;border-right-width: 3px !important;border-bottom-width: 3px !important;border-left-width: 3px !important;padding-top: 30px !important;padding-right: 30px !important;padding-bottom: 30px !important;padding-left: 30px !important;border-left-color: #0099a1 !important;border-left-style: solid !important;border-right-color: #0099a1 !important;border-right-style: solid !important;border-top-color: #0099a1 !important;border-top-style: solid !important;border-bottom-color: #0099a1 !important;border-bottom-style: solid !important;}\u00bb][vc_single_image image=\u00bb57966&#8243; alignment=\u00bbcenter\u00bb style=\u00bbvc_box_shadow_border_circle_2&#8243; onclick=\u00bbcustom_link\u00bb css_animation=\u00bbfadeInDown\u00bb link=\u00bbhttps:\/\/liner25-test2.bkp-berolina.de\/es\/contacto\/como-encontrarnos\/\u00bb][bsf-info-box icon=\u00bbnone\u00bb icon_size=\u00bb30&#8243; icon_style=\u00bbadvanced\u00bb icon_color_bg=\u00bb\u00bb icon_border_style=\u00bbsolid\u00bb icon_border_size=\u00bb3&#8243; icon_border_radius=\u00bb0&#8243; icon_border_spacing=\u00bb60&#8243; title=\u00bbC\u00f3mo llegar\u00bb read_more=\u00bbtitle\u00bb link=\u00bburl:https%3A%2F%2Fliner25-test2.bkp-berolina.de%2Fes%2Fcontacto%2Fcomo-encontrarnos%2F|title:Anfahrt||\u00bb pos=\u00bbtop\u00bb el_class=\u00bbaccent-icon-color accent-border-color\u00bb title_font_style=\u00bbfont-weight:bold;\u00bb title_font_size=\u00bbdesktop:26px;tablet:20px;\u00bb title_font_line_height=\u00bbdesktop:36px;tablet:30px;\u00bb css_info_box=\u00bb.vc_custom_1578397578713{margin-bottom: 27px !important;}\u00bb desc_font_color=\u00bb#ffffff\u00bb title_font_color=\u00bb#ffffff\u00bb]\u00bfCu\u00e1l es la ruta m\u00e1s r\u00e1pida para llegar a BKP en Velten?<\/p>\n<p><a href=\"https:\/\/liner25-test2.bkp-berolina.de\/es\/contacto\/como-encontrarnos\/\">M\u00e1s informaci\u00f3n<\/a>[\/bsf-info-box]<div class=\"hr-thin style-line accent-border-color\" style=\"width: 60px;border-top-width: 3px;\"><\/div>[\/vc_column_inner][\/vc_row_inner][vc_row_inner css=\u00bb.vc_custom_1553096282630{margin-top: 50px !important;margin-bottom: 80px !important;}\u00bb][vc_column_inner]<style type=\"text\/css\" data-type=\"the7_shortcodes-inline-css\">.dt-breadcrumbs-id-9e50ce2e88f1e70b8d61b22febb42939 .breadcrumbs {\n  display: inline-block;\n  margin: 0;\n  padding: 2px 10px 2px 10px;\n  background: #0099a1;\n  border: 0px solid ;\n  border-radius: 0px;\n}\n.dt-breadcrumbs-id-9e50ce2e88f1e70b8d61b22febb42939 .breadcrumbs * {\n  font-weight: bold;\n  color: #ffffff;\n}\n<\/style><div class=\"dt-breadcrumbs-shortcode dt-breadcrumbs-id-9e50ce2e88f1e70b8d61b22febb42939 align-right\"><div class=\"assistive-text\">Est\u00e1s aqu\u00ed:<\/div><ol class=\"breadcrumbs text-small\" itemscope itemtype=\"https:\/\/schema.org\/BreadcrumbList\"><li itemprop=\"itemListElement\" itemscope itemtype=\"https:\/\/schema.org\/ListItem\"><a itemprop=\"item\" href=\"https:\/\/liner25-test2.bkp-berolina.de\/es\/\" title=\"Inicio\"><span itemprop=\"name\">Inicio<\/span><\/a><meta itemprop=\"position\" content=\"1\" \/><\/li><li class=\"current\" itemprop=\"itemListElement\" itemscope itemtype=\"https:\/\/schema.org\/ListItem\"><span itemprop=\"name\">P\u00e1gina<\/span><meta itemprop=\"position\" content=\"2\" \/><\/li><\/ol><\/div>[\/vc_column_inner][\/vc_row_inner][\/vc_column][\/vc_row]<\/p>\n","protected":false},"excerpt":{"rendered":"<p>[vc_row equal_height=\u00bbyes\u00bb content_placement=\u00bbmiddle\u00bb bg_type=\u00bbimage\u00bb parallax_style=\u00bbvcpb-vz-jquery\u00bb bg_image_new=\u00bbid^56948|url^https:\/\/liner25-test2.bkp-berolina.de\/wp-content\/uploads\/2019\/02\/Standort-Velten.jpg|caption^null|alt^null|title^Standort Velten|description^null\u00bb bg_image_repeat=\u00bbno-repeat\u00bb bg_override=\u00bbex-full\u00bb enable_overlay=\u00bbenable_overlay_value\u00bb overlay_color=\u00bbrgba(7,59,76,0.9)\u00bb overlay_pattern=\u00bbtransperant\u00bb css=\u00bb.vc_custom_1552900399272{margin-top: 30px !important;padding-top: 80px !important;padding-bottom: 80px !important;}\u00bb][vc_column][vc_row_inner css=\u00bb.vc_custom_1553179988109{margin-top: 30px !important;}\u00bb][vc_column_inner][ultimate_heading main_heading=\u00bbContacto\u00bb heading_tag=\u00bbh1&#8243; main_heading_color=\u00bb#ffffff\u00bb spacer=\u00bbline_with_icon\u00bb spacer_position=\u00bbbottom\u00bb line_height=\u00bb3&#8243; line_color=\u00bb#0099a1&#8243; icon_type=\u00bbcustom\u00bb icon_img=\u00bbid^56219|url^https:\/\/liner25-test2.bkp-berolina.de\/wp-content\/uploads\/2019\/01\/Logo-Liner.png|caption^null|alt^null|title^Logo Liner|description^null\u00bb img_width=\u00bb30&#8243; main_heading_style=\u00bbfont-weight:bold;\u00bb main_heading_font_size=\u00bbdesktop:54px;mobile_landscape:34px;\u00bb main_heading_line_height=\u00bbdesktop:64px;mobile_landscape:44px;\u00bb line_width=\u00bb120&#8243; spacer_margin=\u00bbmargin-bottom:30px;\u00bb][\/ultimate_heading][\/vc_column_inner][\/vc_row_inner][vc_row_inner equal_height=\u00bbyes\u00bb gap=\u00bb20&#8243; css=\u00bb.vc_custom_1551267383636{padding-right: 25px !important;padding-left: 25px !important;}\u00bb][vc_column_inner width=\u00bb1\/3&#8243; css=\u00bb.vc_custom_1546956970677{border-top-width: 3px !important;border-right-width: 3px !important;border-bottom-width: 3px !important;border-left-width: 3px !important;padding-top:&hellip;<\/p>\n","protected":false},"author":1,"featured_media":60036,"parent":0,"menu_order":70,"comment_status":"closed","ping_status":"closed","template":"","meta":{"footnotes":""},"class_list":["post-61672","page","type-page","status-publish","has-post-thumbnail","hentry","description-off"],"yoast_head":"<!-- This site is optimized with the Yoast SEO plugin v23.5 - https:\/\/yoast.com\/wordpress\/plugins\/seo\/ -->\n<title>Contacto - BKP Berolina Polyester GmbH &amp; Co. KG<\/title>\n<meta name=\"robots\" content=\"index, follow, max-snippet:-1, max-image-preview:large, max-video-preview:-1\" \/>\n<link rel=\"canonical\" href=\"https:\/\/liner25-test2.bkp-berolina.de\/es\/contacto\/\" \/>\n<meta property=\"og:locale\" content=\"es_ES\" \/>\n<meta property=\"og:type\" content=\"article\" \/>\n<meta property=\"og:title\" content=\"Contacto - BKP Berolina Polyester GmbH &amp; Co. KG\" \/>\n<meta property=\"og:description\" content=\"[vc_row equal_height=\u00bbyes\u00bb content_placement=\u00bbmiddle\u00bb bg_type=\u00bbimage\u00bb parallax_style=\u00bbvcpb-vz-jquery\u00bb bg_image_new=\u00bbid^56948|url^https:\/\/liner25-test2.bkp-berolina.de\/wp-content\/uploads\/2019\/02\/Standort-Velten.jpg|caption^null|alt^null|title^Standort Velten|description^null\u00bb bg_image_repeat=\u00bbno-repeat\u00bb bg_override=\u00bbex-full\u00bb enable_overlay=\u00bbenable_overlay_value\u00bb overlay_color=\u00bbrgba(7,59,76,0.9)\u00bb overlay_pattern=\u00bbtransperant\u00bb css=\u00bb.vc_custom_1552900399272{margin-top: 30px !important;padding-top: 80px !important;padding-bottom: 80px !important;}\u00bb][vc_column][vc_row_inner css=\u00bb.vc_custom_1553179988109{margin-top: 30px !important;}\u00bb][vc_column_inner][ultimate_heading main_heading=\u00bbContacto\u00bb heading_tag=\u00bbh1&#8243; main_heading_color=\u00bb#ffffff\u00bb spacer=\u00bbline_with_icon\u00bb spacer_position=\u00bbbottom\u00bb line_height=\u00bb3&#8243; line_color=\u00bb#0099a1&#8243; icon_type=\u00bbcustom\u00bb icon_img=\u00bbid^56219|url^https:\/\/liner25-test2.bkp-berolina.de\/wp-content\/uploads\/2019\/01\/Logo-Liner.png|caption^null|alt^null|title^Logo Liner|description^null\u00bb img_width=\u00bb30&#8243; main_heading_style=\u00bbfont-weight:bold;\u00bb main_heading_font_size=\u00bbdesktop:54px;mobile_landscape:34px;\u00bb main_heading_line_height=\u00bbdesktop:64px;mobile_landscape:44px;\u00bb line_width=\u00bb120&#8243; spacer_margin=\u00bbmargin-bottom:30px;\u00bb][\/ultimate_heading][\/vc_column_inner][\/vc_row_inner][vc_row_inner equal_height=\u00bbyes\u00bb gap=\u00bb20&#8243; css=\u00bb.vc_custom_1551267383636{padding-right: 25px !important;padding-left: 25px !important;}\u00bb][vc_column_inner width=\u00bb1\/3&#8243; css=\u00bb.vc_custom_1546956970677{border-top-width: 3px !important;border-right-width: 3px !important;border-bottom-width: 3px !important;border-left-width: 3px !important;padding-top:&hellip;\" \/>\n<meta property=\"og:url\" content=\"https:\/\/liner25-test2.bkp-berolina.de\/es\/contacto\/\" \/>\n<meta property=\"og:site_name\" content=\"BKP Berolina Polyester GmbH &amp; Co. KG\" \/>\n<meta property=\"article:modified_time\" content=\"2021-03-25T10:01:16+00:00\" \/>\n<meta property=\"og:image\" content=\"https:\/\/liner25-test2.bkp-berolina.de\/wp-content\/uploads\/2019\/06\/Ansprechpartner-Kontakt.jpg\" \/>\n\t<meta property=\"og:image:width\" content=\"1000\" \/>\n\t<meta property=\"og:image:height\" content=\"1000\" \/>\n\t<meta property=\"og:image:type\" content=\"image\/jpeg\" \/>\n<meta name=\"twitter:card\" content=\"summary_large_image\" \/>\n<meta name=\"twitter:label1\" content=\"Tiempo de lectura\" \/>\n\t<meta name=\"twitter:data1\" content=\"4 minutos\" \/>\n<script type=\"application\/ld+json\" class=\"yoast-schema-graph\">{\"@context\":\"https:\/\/schema.org\",\"@graph\":[{\"@type\":\"WebPage\",\"@id\":\"https:\/\/liner25-test2.bkp-berolina.de\/es\/contacto\/\",\"url\":\"https:\/\/liner25-test2.bkp-berolina.de\/es\/contacto\/\",\"name\":\"Contacto - BKP Berolina Polyester GmbH &amp; Co. KG\",\"isPartOf\":{\"@id\":\"https:\/\/liner25-test2.bkp-berolina.de\/es\/#website\"},\"primaryImageOfPage\":{\"@id\":\"https:\/\/liner25-test2.bkp-berolina.de\/es\/contacto\/#primaryimage\"},\"image\":{\"@id\":\"https:\/\/liner25-test2.bkp-berolina.de\/es\/contacto\/#primaryimage\"},\"thumbnailUrl\":\"https:\/\/liner25-test2.bkp-berolina.de\/wp-content\/uploads\/2019\/06\/Ansprechpartner-Kontakt.jpg\",\"datePublished\":\"2014-04-23T16:14:38+00:00\",\"dateModified\":\"2021-03-25T10:01:16+00:00\",\"breadcrumb\":{\"@id\":\"https:\/\/liner25-test2.bkp-berolina.de\/es\/contacto\/#breadcrumb\"},\"inLanguage\":\"es\",\"potentialAction\":[{\"@type\":\"ReadAction\",\"target\":[\"https:\/\/liner25-test2.bkp-berolina.de\/es\/contacto\/\"]}]},{\"@type\":\"ImageObject\",\"inLanguage\":\"es\",\"@id\":\"https:\/\/liner25-test2.bkp-berolina.de\/es\/contacto\/#primaryimage\",\"url\":\"https:\/\/liner25-test2.bkp-berolina.de\/wp-content\/uploads\/2019\/06\/Ansprechpartner-Kontakt.jpg\",\"contentUrl\":\"https:\/\/liner25-test2.bkp-berolina.de\/wp-content\/uploads\/2019\/06\/Ansprechpartner-Kontakt.jpg\",\"width\":1000,\"height\":1000,\"caption\":\"Ansprechpartner Kontakt\"},{\"@type\":\"BreadcrumbList\",\"@id\":\"https:\/\/liner25-test2.bkp-berolina.de\/es\/contacto\/#breadcrumb\",\"itemListElement\":[{\"@type\":\"ListItem\",\"position\":1,\"name\":\"Startseite\",\"item\":\"https:\/\/liner25-test2.bkp-berolina.de\/es\/\"},{\"@type\":\"ListItem\",\"position\":2,\"name\":\"Contacto\"}]},{\"@type\":\"WebSite\",\"@id\":\"https:\/\/liner25-test2.bkp-berolina.de\/es\/#website\",\"url\":\"https:\/\/liner25-test2.bkp-berolina.de\/es\/\",\"name\":\"BKP Berolina Polyester GmbH &amp; Co. KG\",\"description\":\"\",\"potentialAction\":[{\"@type\":\"SearchAction\",\"target\":{\"@type\":\"EntryPoint\",\"urlTemplate\":\"https:\/\/liner25-test2.bkp-berolina.de\/es\/?s={search_term_string}\"},\"query-input\":{\"@type\":\"PropertyValueSpecification\",\"valueRequired\":true,\"valueName\":\"search_term_string\"}}],\"inLanguage\":\"es\"}]}<\/script>\n<!-- \/ Yoast SEO plugin. -->","yoast_head_json":{"title":"Contacto - BKP Berolina Polyester GmbH &amp; Co. KG","robots":{"index":"index","follow":"follow","max-snippet":"max-snippet:-1","max-image-preview":"max-image-preview:large","max-video-preview":"max-video-preview:-1"},"canonical":"https:\/\/liner25-test2.bkp-berolina.de\/es\/contacto\/","og_locale":"es_ES","og_type":"article","og_title":"Contacto - BKP Berolina Polyester GmbH &amp; Co. KG","og_description":"[vc_row equal_height=\u00bbyes\u00bb content_placement=\u00bbmiddle\u00bb bg_type=\u00bbimage\u00bb parallax_style=\u00bbvcpb-vz-jquery\u00bb bg_image_new=\u00bbid^56948|url^https:\/\/liner25-test2.bkp-berolina.de\/wp-content\/uploads\/2019\/02\/Standort-Velten.jpg|caption^null|alt^null|title^Standort Velten|description^null\u00bb bg_image_repeat=\u00bbno-repeat\u00bb bg_override=\u00bbex-full\u00bb enable_overlay=\u00bbenable_overlay_value\u00bb overlay_color=\u00bbrgba(7,59,76,0.9)\u00bb overlay_pattern=\u00bbtransperant\u00bb css=\u00bb.vc_custom_1552900399272{margin-top: 30px !important;padding-top: 80px !important;padding-bottom: 80px !important;}\u00bb][vc_column][vc_row_inner css=\u00bb.vc_custom_1553179988109{margin-top: 30px !important;}\u00bb][vc_column_inner][ultimate_heading main_heading=\u00bbContacto\u00bb heading_tag=\u00bbh1&#8243; main_heading_color=\u00bb#ffffff\u00bb spacer=\u00bbline_with_icon\u00bb spacer_position=\u00bbbottom\u00bb line_height=\u00bb3&#8243; line_color=\u00bb#0099a1&#8243; icon_type=\u00bbcustom\u00bb icon_img=\u00bbid^56219|url^https:\/\/liner25-test2.bkp-berolina.de\/wp-content\/uploads\/2019\/01\/Logo-Liner.png|caption^null|alt^null|title^Logo Liner|description^null\u00bb img_width=\u00bb30&#8243; main_heading_style=\u00bbfont-weight:bold;\u00bb main_heading_font_size=\u00bbdesktop:54px;mobile_landscape:34px;\u00bb main_heading_line_height=\u00bbdesktop:64px;mobile_landscape:44px;\u00bb line_width=\u00bb120&#8243; spacer_margin=\u00bbmargin-bottom:30px;\u00bb][\/ultimate_heading][\/vc_column_inner][\/vc_row_inner][vc_row_inner equal_height=\u00bbyes\u00bb gap=\u00bb20&#8243; css=\u00bb.vc_custom_1551267383636{padding-right: 25px !important;padding-left: 25px !important;}\u00bb][vc_column_inner width=\u00bb1\/3&#8243; css=\u00bb.vc_custom_1546956970677{border-top-width: 3px !important;border-right-width: 3px !important;border-bottom-width: 3px !important;border-left-width: 3px !important;padding-top:&hellip;","og_url":"https:\/\/liner25-test2.bkp-berolina.de\/es\/contacto\/","og_site_name":"BKP Berolina Polyester GmbH &amp; Co. KG","article_modified_time":"2021-03-25T10:01:16+00:00","og_image":[{"width":1000,"height":1000,"url":"https:\/\/liner25-test2.bkp-berolina.de\/wp-content\/uploads\/2019\/06\/Ansprechpartner-Kontakt.jpg","type":"image\/jpeg"}],"twitter_card":"summary_large_image","twitter_misc":{"Tiempo de lectura":"4 minutos"},"schema":{"@context":"https:\/\/schema.org","@graph":[{"@type":"WebPage","@id":"https:\/\/liner25-test2.bkp-berolina.de\/es\/contacto\/","url":"https:\/\/liner25-test2.bkp-berolina.de\/es\/contacto\/","name":"Contacto - BKP Berolina Polyester GmbH &amp; Co. KG","isPartOf":{"@id":"https:\/\/liner25-test2.bkp-berolina.de\/es\/#website"},"primaryImageOfPage":{"@id":"https:\/\/liner25-test2.bkp-berolina.de\/es\/contacto\/#primaryimage"},"image":{"@id":"https:\/\/liner25-test2.bkp-berolina.de\/es\/contacto\/#primaryimage"},"thumbnailUrl":"https:\/\/liner25-test2.bkp-berolina.de\/wp-content\/uploads\/2019\/06\/Ansprechpartner-Kontakt.jpg","datePublished":"2014-04-23T16:14:38+00:00","dateModified":"2021-03-25T10:01:16+00:00","breadcrumb":{"@id":"https:\/\/liner25-test2.bkp-berolina.de\/es\/contacto\/#breadcrumb"},"inLanguage":"es","potentialAction":[{"@type":"ReadAction","target":["https:\/\/liner25-test2.bkp-berolina.de\/es\/contacto\/"]}]},{"@type":"ImageObject","inLanguage":"es","@id":"https:\/\/liner25-test2.bkp-berolina.de\/es\/contacto\/#primaryimage","url":"https:\/\/liner25-test2.bkp-berolina.de\/wp-content\/uploads\/2019\/06\/Ansprechpartner-Kontakt.jpg","contentUrl":"https:\/\/liner25-test2.bkp-berolina.de\/wp-content\/uploads\/2019\/06\/Ansprechpartner-Kontakt.jpg","width":1000,"height":1000,"caption":"Ansprechpartner Kontakt"},{"@type":"BreadcrumbList","@id":"https:\/\/liner25-test2.bkp-berolina.de\/es\/contacto\/#breadcrumb","itemListElement":[{"@type":"ListItem","position":1,"name":"Startseite","item":"https:\/\/liner25-test2.bkp-berolina.de\/es\/"},{"@type":"ListItem","position":2,"name":"Contacto"}]},{"@type":"WebSite","@id":"https:\/\/liner25-test2.bkp-berolina.de\/es\/#website","url":"https:\/\/liner25-test2.bkp-berolina.de\/es\/","name":"BKP Berolina Polyester GmbH &amp; Co. KG","description":"","potentialAction":[{"@type":"SearchAction","target":{"@type":"EntryPoint","urlTemplate":"https:\/\/liner25-test2.bkp-berolina.de\/es\/?s={search_term_string}"},"query-input":{"@type":"PropertyValueSpecification","valueRequired":true,"valueName":"search_term_string"}}],"inLanguage":"es"}]}},"_links":{"self":[{"href":"https:\/\/liner25-test2.bkp-berolina.de\/es\/wp-json\/wp\/v2\/pages\/61672","targetHints":{"allow":["GET"]}}],"collection":[{"href":"https:\/\/liner25-test2.bkp-berolina.de\/es\/wp-json\/wp\/v2\/pages"}],"about":[{"href":"https:\/\/liner25-test2.bkp-berolina.de\/es\/wp-json\/wp\/v2\/types\/page"}],"author":[{"embeddable":true,"href":"https:\/\/liner25-test2.bkp-berolina.de\/es\/wp-json\/wp\/v2\/users\/1"}],"replies":[{"embeddable":true,"href":"https:\/\/liner25-test2.bkp-berolina.de\/es\/wp-json\/wp\/v2\/comments?post=61672"}],"version-history":[{"count":6,"href":"https:\/\/liner25-test2.bkp-berolina.de\/es\/wp-json\/wp\/v2\/pages\/61672\/revisions"}],"predecessor-version":[{"id":62010,"href":"https:\/\/liner25-test2.bkp-berolina.de\/es\/wp-json\/wp\/v2\/pages\/61672\/revisions\/62010"}],"wp:featuredmedia":[{"embeddable":true,"href":"https:\/\/liner25-test2.bkp-berolina.de\/es\/wp-json\/wp\/v2\/media\/60036"}],"wp:attachment":[{"href":"https:\/\/liner25-test2.bkp-berolina.de\/es\/wp-json\/wp\/v2\/media?parent=61672"}],"curies":[{"name":"wp","href":"https:\/\/api.w.org\/{rel}","templated":true}]}}